{"id":2,"date":"2019-12-11T08:53:44","date_gmt":"2019-12-11T07:53:44","guid":{"rendered":"https:\/\/sibits-webdesign.de\/klahn-websiteerfolg\/?page_id=2"},"modified":"2020-02-27T14:59:05","modified_gmt":"2020-02-27T13:59:05","slug":"beispiel-seite","status":"publish","type":"page","link":"https:\/\/websiteerfolg.de\/","title":{"rendered":"Start"},"content":{"rendered":"<p>[et_pb_section fb_built=&#8220;1&#8243; fullwidth=&#8220;on&#8220; _builder_version=&#8220;4.0.2&#8243;][et_pb_fullwidth_slider _builder_version=&#8220;4.0.2&#8243; use_background_color_gradient=&#8220;on&#8220; background_color_gradient_start=&#8220;#003D8E&#8220; background_color_gradient_end=&#8220;#6ca6d8&#8243; content_max_width=&#8220;100%&#8220; animation_style=&#8220;fade&#8220;][et_pb_slide heading=&#8220;Wir machen Ihre Website erfolgreich!&#8220; image=&#8220;https:\/\/websiteerfolg.de\/wp-content\/uploads\/2020\/02\/Leistungen.jpg&#8220; _builder_version=&#8220;4.0.2&#8243;]<\/p>\n<p>Website-Erstellung<br \/> Website-Relaunch<br \/> <span style=\"font-size: 18px;\">modern &amp; responsive<\/span><\/p>\n<p>&nbsp;<\/p>\n<p>&nbsp;<\/p>\n<p>[\/et_pb_slide][et_pb_slide heading=&#8220;D\u00fcmpelt Ihre Website vor sich hin?&#8220; image=&#8220;https:\/\/websiteerfolg.de\/wp-content\/uploads\/2020\/02\/d\u00fcmpeln.jpg&#8220; _builder_version=&#8220;4.0.2&#8243;]<\/p>\n<p>Wir helfen Ihnen zu einer erfolgreichen Website!<\/p>\n<p>[\/et_pb_slide][\/et_pb_fullwidth_slider][\/et_pb_section][et_pb_section fb_built=&#8220;1&#8243; _builder_version=&#8220;3.22&#8243;][et_pb_row _builder_version=&#8220;4.0.2&#8243; custom_margin=&#8220;-36px|auto||auto||&#8220;][et_pb_column type=&#8220;4_4&#8243; _builder_version=&#8220;4.0.2&#8243;][et_pb_text _builder_version=&#8220;4.0.2&#8243;]<\/p>\n<h1 class=\"entry-title\">Wir machen Ihre Website erfolgreich!<\/h1>\n<p>[\/et_pb_text][\/et_pb_column][\/et_pb_row][et_pb_row _builder_version=&#8220;4.0.2&#8243;][et_pb_column _builder_version=&#8220;4.0.2&#8243; type=&#8220;4_4&#8243;][et_pb_text _builder_version=&#8220;4.0.2&#8243; hover_enabled=&#8220;0&#8243;]<\/p>\n<h2 style=\"text-align: right;\">&#8222;Welche Ziele wollen Sie mit Ihrer Website erreichen?&#8220;<\/h2>\n<p>[\/et_pb_text][\/et_pb_column][\/et_pb_row][et_pb_row column_structure=&#8220;2_5,3_5&#8243; _builder_version=&#8220;3.25&#8243; background_size=&#8220;initial&#8220; background_position=&#8220;top_left&#8220; background_repeat=&#8220;repeat&#8220;][et_pb_column type=&#8220;2_5&#8243; _builder_version=&#8220;3.25&#8243; custom_padding=&#8220;|||&#8220; custom_padding__hover=&#8220;|||&#8220;][et_pb_image src=&#8220;https:\/\/websiteerfolg.de\/wp-content\/uploads\/2020\/02\/Websiteerfolg.jpg&#8220; _builder_version=&#8220;4.0.2&#8243;][\/et_pb_image][\/et_pb_column][et_pb_column type=&#8220;3_5&#8243; _builder_version=&#8220;3.25&#8243; custom_padding=&#8220;|||&#8220; custom_padding__hover=&#8220;|||&#8220;][et_pb_text _builder_version=&#8220;4.0.2&#8243; hover_enabled=&#8220;0&#8243;]<\/p>\n<p>Diese <strong>Frage<\/strong> steht beim Erstgespr\u00e4ch mit unseren Kunden <strong>im Mittelpunkt<\/strong>. Denn nur mit klar definierten Zielen lassen sich Erfolge erreichen und auch messen.<strong><br \/> <\/strong><\/p>\n<p>Egal, ob Sie bereits eine<span>\u00a0<\/span><strong>Homepage<\/strong><span>\u00a0<\/span>oder<span>\u00a0<\/span><strong>Web-Visitenkarte<\/strong><span>\u00a0<\/span>haben, die \u00fcberarbeitet oder optimiert werden soll &#8211; oder einen Partner suchen, der Ihnen eine<span>\u00a0<\/span><strong>moderne und erfolgreiche Website<\/strong><span>\u00a0<\/span>erstellt &#8211; wir beginnen mit der Analyse, Ihren Anforderungen und W\u00fcnschen.<\/p>\n<p>Darauf basierend erstellen wir Ihnen ein Konzept und einen Kostenvoranschlag.<\/p>\n<p>[\/et_pb_text][\/et_pb_column][\/et_pb_row][et_pb_row _builder_version=&#8220;4.0.2&#8243;][et_pb_column _builder_version=&#8220;4.0.2&#8243; type=&#8220;4_4&#8243;][et_pb_text _builder_version=&#8220;4.0.2&#8243; hover_enabled=&#8220;0&#8243;]<\/p>\n<h2 style=\"text-align: right;\">&#8222;Wir machen mehr als nur die Website-Erstellung!&#8220;<\/h2>\n<p>[\/et_pb_text][\/et_pb_column][\/et_pb_row][et_pb_row column_structure=&#8220;2_5,3_5&#8243; _builder_version=&#8220;3.25&#8243; background_size=&#8220;initial&#8220; background_position=&#8220;top_left&#8220; background_repeat=&#8220;repeat&#8220; custom_padding=&#8220;||3px|||&#8220;][et_pb_column type=&#8220;2_5&#8243; _builder_version=&#8220;3.25&#8243; custom_padding=&#8220;|||&#8220; custom_padding__hover=&#8220;|||&#8220;][et_pb_image src=&#8220;https:\/\/websiteerfolg.de\/wp-content\/uploads\/2020\/02\/Leistungen.jpg&#8220; _builder_version=&#8220;4.0.2&#8243;][\/et_pb_image][et_pb_image src=&#8220;https:\/\/websiteerfolg.de\/wp-content\/uploads\/2020\/02\/Responsive_Design.jpg&#8220; _builder_version=&#8220;4.0.2&#8243;][\/et_pb_image][\/et_pb_column][et_pb_column type=&#8220;3_5&#8243; _builder_version=&#8220;3.25&#8243; custom_padding=&#8220;|||&#8220; custom_padding__hover=&#8220;|||&#8220;][et_pb_text _builder_version=&#8220;4.0.2&#8243; hover_enabled=&#8220;0&#8243;]<\/p>\n<p>Wir planen gemeinsam die<span>\u00a0<\/span><strong>Struktur<\/strong><span>\u00a0<\/span>Ihrer Website, habe die<span>\u00a0<\/span><strong>Nutzerfreundlichkeit<\/strong><span>\u00a0<\/span>von Anfang an im Blick und erarbeiten gemeinsam<span>\u00a0<\/span><strong>Ideen<\/strong><span>\u00a0<\/span>zur Umsetzung.<\/p>\n<p>Wir h\u00f6ren nicht nur zu, sondern vor allem hin &#8211; und stellen Fragen.<\/p>\n<h2><span style=\"font-size: 16px;\">Web-Design, Programmierung, Responsive Design, Texte, Fotos<\/span><\/h2>\n<ul>\n<li>f\u00fcr suchmaschinenfreundliche<span>\u00a0<\/span><strong>Texte<\/strong><span>\u00a0<\/span>und<span>\u00a0<\/span><strong>guten Inhalt<\/strong><span>\u00a0<\/span>finden unsere Texter das richtige Wort,<\/li>\n<li>f\u00fcr aussagekr\u00e4ftige<span>\u00a0<\/span><strong>Grafiken<\/strong><span>\u00a0<\/span>und<span>\u00a0<\/span><strong>professionelle Fotos<\/strong><span>\u00a0<\/span>setzen Sie unsere langj\u00e4hrigen Partner ins richtige Bild.<\/li>\n<li>die Umsetzung mit einfach zu bedienenden<span>\u00a0<\/span><strong>Content-Management-Systeme<\/strong><span>\u00a0<\/span>wie<span>\u00a0<\/span><strong>Joomla, Typo 3 oder Word Press<\/strong><span>\u00a0<\/span>stehen unsere erfahrenen Programierer parat<\/li>\n<\/ul>\n<p>[\/et_pb_text][\/et_pb_column][\/et_pb_row][et_pb_row _builder_version=&#8220;4.0.2&#8243; hover_enabled=&#8220;0&#8243;][et_pb_column _builder_version=&#8220;4.0.2&#8243; type=&#8220;4_4&#8243;][et_pb_text _builder_version=&#8220;4.0.2&#8243; hover_enabled=&#8220;0&#8243;]<\/p>\n<h2 style=\"text-align: center;\">\u00a0\u00a0\u00a0\u00a0\u00a0\u00a0\u00a0\u00a0\u00a0\u00a0\u00a0\u00a0\u00a0\u00a0\u00a0\u00a0\u00a0\u00a0\u00a0\u00a0\u00a0\u00a0 \u00a0 \u00a0 \u00a0\u00a0\u00a0 &#8222;Website online? Dann geht&#8217;s los!&#8220;<\/h2>\n<p>[\/et_pb_text][\/et_pb_column][\/et_pb_row][et_pb_row column_structure=&#8220;2_5,3_5&#8243; _builder_version=&#8220;3.25&#8243; background_size=&#8220;initial&#8220; background_position=&#8220;top_left&#8220; background_repeat=&#8220;repeat&#8220;][et_pb_column type=&#8220;2_5&#8243; _builder_version=&#8220;3.25&#8243; custom_padding=&#8220;|||&#8220; custom_padding__hover=&#8220;|||&#8220;][et_pb_image src=&#8220;https:\/\/websiteerfolg.de\/wp-content\/uploads\/2020\/02\/Website_Marketing.jpg&#8220; _builder_version=&#8220;4.0.2&#8243;][\/et_pb_image][\/et_pb_column][et_pb_column type=&#8220;3_5&#8243; _builder_version=&#8220;3.25&#8243; custom_padding=&#8220;|||&#8220; custom_padding__hover=&#8220;|||&#8220;][et_pb_text _builder_version=&#8220;4.0.2&#8243; hover_enabled=&#8220;0&#8243;]<\/p>\n<h2>Website-Marketing &#8211; f\u00fcr Website-Erfolg!<\/h2>\n<ul>\n<li>Auswertungen und Analyse zur Erfolgskontrolle<\/li>\n<li>regelm\u00e4ssige Aktualsierung und Pflege<\/li>\n<li>Suchmaschinenoptimierung (<strong>SEO<\/strong>) und Suchmaschinenmarketing (<strong>SEM<\/strong>) zur guten Auffindbarkeit<\/li>\n<\/ul>\n<p>[\/et_pb_text][\/et_pb_column][\/et_pb_row][\/et_pb_section]<\/p>\n","protected":false},"excerpt":{"rendered":"<p>Website-Erstellung Website-Relaunch modern &amp; responsive &nbsp; &nbsp;Wir helfen Ihnen zu einer erfolgreichen Website!Wir machen Ihre Website erfolgreich!&#8220;Welche Ziele wollen Sie mit Ihrer Website erreichen?&#8220; Diese Frage steht beim Erstgespr\u00e4ch mit unseren Kunden im Mittelpunkt. Denn nur mit klar definierten Zielen lassen sich Erfolge erreichen und auch messen. Egal, ob Sie bereits eine\u00a0Homepage\u00a0oder\u00a0Web-Visitenkarte\u00a0haben, die \u00fcberarbeitet oder [&hellip;]<\/p>\n","protected":false},"author":1,"featured_media":0,"parent":0,"menu_order":0,"comment_status":"closed","ping_status":"open","template":"","meta":{"_et_pb_use_builder":"on","_et_pb_old_content":"<!-- wp:paragraph -->\n<p>Dies ist eine Beispiel-Seite. Sie unterscheidet sich von Beitr\u00e4gen, da sie stets an derselben Stelle bleibt und (bei den meisten Themes) in der Website-Navigation angezeigt wird. Die meisten starten mit einem Impressum, der Datenschutzerkl\u00e4rung oder einer \u201e\u00dcber uns\u201c-Seite, um sich potenziellen Besuchern der Website vorzustellen. Dort k\u00f6nnte zum Beispiel stehen:<\/p>\n<!-- \/wp:paragraph -->\n\n<!-- wp:quote -->\n<blockquote class=\"wp-block-quote\"><p>Hallo! Tags\u00fcber arbeite ich als Fahrradkurier, nachts bin ich ein aufstrebender Schauspieler und dies hier ist meine Website. Ich lebe in Berlin, habe einen gro\u00dfen Hund namens Jack, mag Pi\u00f1a Coladas, jedoch weniger (ohne Schirm) im Regen stehen gelassen zu werden.<\/p><\/blockquote>\n<!-- \/wp:quote -->\n\n<!-- wp:paragraph -->\n<p>...oder so etwas wie das hier:<\/p>\n<!-- \/wp:paragraph -->\n\n<!-- wp:quote -->\n<blockquote class=\"wp-block-quote\"><p>Das Unternehmen XYZ wurde 1971 gegr\u00fcndet und versorgt die \u00d6ffentlichkeit seither mit qualitativ hochwertigen Produkten. An seinem Standort in einer kleinen Gro\u00dfstadt besch\u00e4ftigt der Betrieb \u00fcber 2.000 Menschen und unterst\u00fctzt die Stadtbewohner in vielfacher Hinsicht.<\/p><\/blockquote>\n<!-- \/wp:quote -->\n\n<!-- wp:paragraph -->\n<p>Als neuer WordPress-Benutzer solltest du <a href=\"https:\/\/websiteerfolg.de\/wp-admin\/\">dein Dashboard<\/a> aufrufen, um diese Seite zu l\u00f6schen und neue Seiten und Beitr\u00e4ge f\u00fcr deine Website erstellen. Viel Spa\u00df!<\/p>\n<!-- \/wp:paragraph -->","_et_gb_content_width":"","footnotes":""},"class_list":["post-2","page","type-page","status-publish","hentry"],"_links":{"self":[{"href":"https:\/\/websiteerfolg.de\/index.php?rest_route=\/wp\/v2\/pages\/2","targetHints":{"allow":["GET"]}}],"collection":[{"href":"https:\/\/websiteerfolg.de\/index.php?rest_route=\/wp\/v2\/pages"}],"about":[{"href":"https:\/\/websiteerfolg.de\/index.php?rest_route=\/wp\/v2\/types\/page"}],"author":[{"embeddable":true,"href":"https:\/\/websiteerfolg.de\/index.php?rest_route=\/wp\/v2\/users\/1"}],"replies":[{"embeddable":true,"href":"https:\/\/websiteerfolg.de\/index.php?rest_route=%2Fwp%2Fv2%2Fcomments&post=2"}],"version-history":[{"count":25,"href":"https:\/\/websiteerfolg.de\/index.php?rest_route=\/wp\/v2\/pages\/2\/revisions"}],"predecessor-version":[{"id":250,"href":"https:\/\/websiteerfolg.de\/index.php?rest_route=\/wp\/v2\/pages\/2\/revisions\/250"}],"wp:attachment":[{"href":"https:\/\/websiteerfolg.de\/index.php?rest_route=%2Fwp%2Fv2%2Fmedia&parent=2"}],"curies":[{"name":"wp","href":"https:\/\/api.w.org\/{rel}","templated":true}]}}