{"id":52,"date":"2020-02-07T10:05:10","date_gmt":"2020-02-07T09:05:10","guid":{"rendered":"https:\/\/sibits-webdesign.de\/klahn-websiteerfolg\/?page_id=52"},"modified":"2020-02-07T10:05:57","modified_gmt":"2020-02-07T09:05:57","slug":"impressum","status":"publish","type":"page","link":"https:\/\/websiteerfolg.de\/?page_id=52","title":{"rendered":"Impressum"},"content":{"rendered":"<p>[et_pb_section fb_built=&#8220;1&#8243; _builder_version=&#8220;4.0.2&#8243;][et_pb_row _builder_version=&#8220;4.0.2&#8243;][et_pb_column _builder_version=&#8220;4.0.2&#8243; type=&#8220;4_4&#8243;][et_pb_text _builder_version=&#8220;4.0.2&#8243; hover_enabled=&#8220;0&#8243;]<\/p>\n<div class=\"page-header\">\n<h1>Impressum<\/h1>\n<\/div>\n<div class=\"entry-header\"><\/div>\n<div itemprop=\"articleBody\">\n<p><strong>Anbieterkennzeichnung im Sinne des \u00a7 5 TMG<\/strong><\/p>\n<p>Inh.: Dipl.-Kfm. Liane Klahn<\/p>\n<p>Veitsh\u00f6chheimer Stra\u00dfe 37<br \/>D-90427 N\u00fcrnberg, Bayern<br \/>Tel: +49 (0) 911-525022<br \/>Fax: +49 (0) 911-5614445<br \/><span id=\"cloak9a754af93c85b9ce3f0ba6d6caa4dd28\"><a href=\"mailto:kontakt@websiteerfolg.de\">kontakt@websiteerfolg.de<\/a><\/span><br \/><a href=\"http:\/\/www.websiteerfolg.de\/\">www.websiteerfolg.de<\/a><\/p>\n<p>UST-ID-Nr.: DE179180069<\/p>\n<p>Bildquellen: Fotolia.com (<span class=\"ftl-tooltip-title\">\u00a9 Artur Marciniec,<span>\u00a0<\/span><\/span><span class=\"ftl-tooltip-title\">\u00a9 Rawpixel.com<\/span><span class=\"ftl-tooltip-title\">), Liane Klahn<\/span><\/p>\n<p><strong>Haftung f\u00fcr Inhalte<\/strong><br \/>Die Inhalte unserer Seiten wurden mit gr\u00f6\u00dfter Sorgfalt erstellt. F\u00fcr die Richtigkeit, Vollst\u00e4ndigkeit und Aktualit\u00e4t der Inhalte k\u00f6nnen wir jedoch keine Gew\u00e4hr \u00fcbernehmen.<br \/>Als Diensteanbieter sind wir gem\u00e4\u00df \u00a7 7 Abs.1 TMG f\u00fcr eigene Inhalte auf diesen Seiten nach den allgemeinen Gesetzen verantwortlich. Nach \u00a7\u00a7 8 bis 10 TMG sind wir als Diensteanbieter jedoch nicht verpflichtet, \u00fcbermittelte oder gespeicherte fremde Informationen zu \u00fcberwachen oder nach Umst\u00e4nden zu forschen, die auf eine rechtswidrige T\u00e4tigkeit hinweisen. Verpflichtungen zur Entfernung oder Sperrung der Nutzung von Informationen nach den allgemeinen Gesetzen bleiben hiervon unber\u00fchrt. Eine diesbez\u00fcgliche Haftung ist jedoch erst ab dem Zeitpunkt der Kenntnis einer konkreten Rechtsverletzung m\u00f6glich. Bei bekannt werden von entsprechenden Rechtsverletzungen werden wir diese Inhalte umgehend entfernen.<\/p>\n<p><strong>Haftung f\u00fcr Links<\/strong><br \/>Unser Angebot enth\u00e4lt Links zu externen Webseiten Dritter, auf deren Inhalte wir keinen Einfluss haben. Deshalb k\u00f6nnen wir f\u00fcr diese fremden Inhalte auch keine Gew\u00e4hr \u00fcbernehmen. F\u00fcr die Inhalte der verlinkten Seiten ist stets der jeweilige Anbieter oder Betreiber der Seiten verantwortlich. Die verlinkten Seiten wurden zum Zeitpunkt der Verlinkung auf m\u00f6gliche Rechtsverst\u00f6\u00dfe \u00fcberpr\u00fcft. Rechtswidrige Inhalte waren zum Zeitpunkt der Verlinkung nicht erkennbar. Eine permanente inhaltliche Kontrolle der verlinkten Seiten ist jedoch ohne konkrete Anhaltspunkte einer Rechtsverletzung nicht zumutbar. Bei bekannt werden von Rechtsverletzungen werden wir derartige Links umgehend entfernen.<\/p>\n<p><strong>Urheberrecht<\/strong><br \/>Die durch die Seitenbetreiber erstellten Inhalte und Werke auf diesen Seiten unterliegen dem deutschen Urheberrecht. Beitr\u00e4ge Dritter sind als solche gekennzeichnet. Die Vervielf\u00e4ltigung, Bearbeitung, Verbreitung und jede Art der Verwertung au\u00dferhalb der Grenzen des Urheberrechtes bed\u00fcrfen der schriftlichen Zustimmung des jeweiligen Autors bzw. Erstellers. Downloads und Kopien dieser Seite sind nur f\u00fcr den privaten, nicht kommerziellen Gebrauch gestattet.<br \/>Die Betreiber der Seiten sind bem\u00fcht, stets die Urheberrechte anderer zu beachten bzw. auf selbst erstellte sowie lizenzfreie Werke zur\u00fcckzugreifen.<\/p>\n<\/div>\n<p>[\/et_pb_text][\/et_pb_column][\/et_pb_row][\/et_pb_section]<\/p>\n","protected":false},"excerpt":{"rendered":"<p>Impressum Anbieterkennzeichnung im Sinne des \u00a7 5 TMG Inh.: Dipl.-Kfm. Liane Klahn Veitsh\u00f6chheimer Stra\u00dfe 37D-90427 N\u00fcrnberg, BayernTel: +49 (0) 911-525022Fax: +49 (0) 911-5614445kontakt@websiteerfolg.dewww.websiteerfolg.de UST-ID-Nr.: DE179180069 Bildquellen: Fotolia.com (\u00a9 Artur Marciniec,\u00a0\u00a9 Rawpixel.com), Liane Klahn Haftung f\u00fcr InhalteDie Inhalte unserer Seiten wurden mit gr\u00f6\u00dfter Sorgfalt erstellt. F\u00fcr die Richtigkeit, Vollst\u00e4ndigkeit und Aktualit\u00e4t der Inhalte k\u00f6nnen wir jedoch [&hellip;]<\/p>\n","protected":false},"author":1,"featured_media":0,"parent":0,"menu_order":0,"comment_status":"closed","ping_status":"closed","template":"","meta":{"_et_pb_use_builder":"on","_et_pb_old_content":"","_et_gb_content_width":"","footnotes":""},"class_list":["post-52","page","type-page","status-publish","hentry"],"_links":{"self":[{"href":"https:\/\/websiteerfolg.de\/index.php?rest_route=\/wp\/v2\/pages\/52","targetHints":{"allow":["GET"]}}],"collection":[{"href":"https:\/\/websiteerfolg.de\/index.php?rest_route=\/wp\/v2\/pages"}],"about":[{"href":"https:\/\/websiteerfolg.de\/index.php?rest_route=\/wp\/v2\/types\/page"}],"author":[{"embeddable":true,"href":"https:\/\/websiteerfolg.de\/index.php?rest_route=\/wp\/v2\/users\/1"}],"replies":[{"embeddable":true,"href":"https:\/\/websiteerfolg.de\/index.php?rest_route=%2Fwp%2Fv2%2Fcomments&post=52"}],"version-history":[{"count":2,"href":"https:\/\/websiteerfolg.de\/index.php?rest_route=\/wp\/v2\/pages\/52\/revisions"}],"predecessor-version":[{"id":54,"href":"https:\/\/websiteerfolg.de\/index.php?rest_route=\/wp\/v2\/pages\/52\/revisions\/54"}],"wp:attachment":[{"href":"https:\/\/websiteerfolg.de\/index.php?rest_route=%2Fwp%2Fv2%2Fmedia&parent=52"}],"curies":[{"name":"wp","href":"https:\/\/api.w.org\/{rel}","templated":true}]}}