{"id":72,"date":"2020-02-07T11:43:33","date_gmt":"2020-02-07T10:43:33","guid":{"rendered":"https:\/\/sibits-webdesign.de\/klahn-websiteerfolg\/?page_id=72"},"modified":"2020-02-27T15:18:16","modified_gmt":"2020-02-27T14:18:16","slug":"website-marketing","status":"publish","type":"page","link":"https:\/\/websiteerfolg.de\/?page_id=72","title":{"rendered":"Website-Marketing"},"content":{"rendered":"<p>[et_pb_section fb_built=&#8220;1&#8243; _builder_version=&#8220;3.22&#8243;][et_pb_row _builder_version=&#8220;4.0.2&#8243; custom_margin=&#8220;-36px|auto||auto||&#8220;][et_pb_column type=&#8220;4_4&#8243; _builder_version=&#8220;4.0.2&#8243;][et_pb_text _builder_version=&#8220;4.0.2&#8243;]<\/p>\n<h1 class=\"entry-title\">Website-Marketing &#8211; alles f\u00fcr den Erfolg Ihrer Website<\/h1>\n<p>[\/et_pb_text][\/et_pb_column][\/et_pb_row][et_pb_row column_structure=&#8220;2_5,3_5&#8243; _builder_version=&#8220;3.25&#8243; background_size=&#8220;initial&#8220; background_position=&#8220;top_left&#8220; background_repeat=&#8220;repeat&#8220;][et_pb_column type=&#8220;2_5&#8243; _builder_version=&#8220;3.25&#8243; custom_padding=&#8220;|||&#8220; custom_padding__hover=&#8220;|||&#8220;][et_pb_image src=&#8220;https:\/\/websiteerfolg.de\/wp-content\/uploads\/2020\/02\/Website_Marketing.jpg&#8220; _builder_version=&#8220;4.0.2&#8243;][\/et_pb_image][\/et_pb_column][et_pb_column type=&#8220;3_5&#8243; _builder_version=&#8220;3.25&#8243; custom_padding=&#8220;|||&#8220; custom_padding__hover=&#8220;|||&#8220;][et_pb_text _builder_version=&#8220;4.0.2&#8243;]<\/p>\n<h2>Pflege | Analyse | Controlling f\u00fcr Ihre Website<\/h2>\n<ul>\n<li>regelm\u00e4ssige Berichte zu Zugriffszahlen und Conversions (Zielerreichung)<\/li>\n<li>laufende Optimierung nach aussagekr\u00e4ftigen Analysen<\/li>\n<li>stete Pflege mit aktuellen Inhalten<\/li>\n<\/ul>\n<p>[\/et_pb_text][\/et_pb_column][\/et_pb_row][et_pb_row column_structure=&#8220;2_5,3_5&#8243; _builder_version=&#8220;3.25&#8243; background_size=&#8220;initial&#8220; background_position=&#8220;top_left&#8220; background_repeat=&#8220;repeat&#8220;][et_pb_column type=&#8220;2_5&#8243; _builder_version=&#8220;3.25&#8243; custom_padding=&#8220;|||&#8220; custom_padding__hover=&#8220;|||&#8220;][et_pb_image src=&#8220;https:\/\/websiteerfolg.de\/wp-content\/uploads\/2020\/02\/Suchmaschinenoptimierung.jpg&#8220; _builder_version=&#8220;4.0.2&#8243;][\/et_pb_image][\/et_pb_column][et_pb_column type=&#8220;3_5&#8243; _builder_version=&#8220;3.25&#8243; custom_padding=&#8220;|||&#8220; custom_padding__hover=&#8220;|||&#8220;][et_pb_text _builder_version=&#8220;4.0.2&#8243;]<\/p>\n<h2>Ganz oben z\u00e4hlt: gefunden statt gesucht werden<\/h2>\n<p>Nicht nur die Quantit\u00e4t (Anzahl der Besucher) z\u00e4hlt, sondern dass<span>\u00a0<\/span><strong>die richtigen Besucher<\/strong><span>\u00a0<\/span>Ihre Website besuchen und<span>\u00a0<\/span><strong>finden, was Sie suchen<\/strong>!<\/p>\n<ul>\n<li>regelm\u00e4\u00dfige \u00dcberpr\u00fcfung von Keywords\/Optimierung von Texten<\/li>\n<li>langristige Suchmaschinenoptimierung, bei Bedarf erg\u00e4nzt durch Anzeigenschaltung (Google Adwords)<\/li>\n<\/ul>\n<p>[\/et_pb_text][\/et_pb_column][\/et_pb_row][\/et_pb_section]<\/p>\n","protected":false},"excerpt":{"rendered":"<p>Website-Marketing &#8211; alles f\u00fcr den Erfolg Ihrer WebsitePflege | Analyse | Controlling f\u00fcr Ihre Website regelm\u00e4ssige Berichte zu Zugriffszahlen und Conversions (Zielerreichung) laufende Optimierung nach aussagekr\u00e4ftigen Analysen stete Pflege mit aktuellen Inhalten Ganz oben z\u00e4hlt: gefunden statt gesucht werden Nicht nur die Quantit\u00e4t (Anzahl der Besucher) z\u00e4hlt, sondern dass\u00a0die richtigen Besucher\u00a0Ihre Website besuchen und\u00a0finden, was [&hellip;]<\/p>\n","protected":false},"author":1,"featured_media":0,"parent":0,"menu_order":0,"comment_status":"closed","ping_status":"closed","template":"","meta":{"_et_pb_use_builder":"on","_et_pb_old_content":"","_et_gb_content_width":"","footnotes":""},"class_list":["post-72","page","type-page","status-publish","hentry"],"_links":{"self":[{"href":"https:\/\/websiteerfolg.de\/index.php?rest_route=\/wp\/v2\/pages\/72","targetHints":{"allow":["GET"]}}],"collection":[{"href":"https:\/\/websiteerfolg.de\/index.php?rest_route=\/wp\/v2\/pages"}],"about":[{"href":"https:\/\/websiteerfolg.de\/index.php?rest_route=\/wp\/v2\/types\/page"}],"author":[{"embeddable":true,"href":"https:\/\/websiteerfolg.de\/index.php?rest_route=\/wp\/v2\/users\/1"}],"replies":[{"embeddable":true,"href":"https:\/\/websiteerfolg.de\/index.php?rest_route=%2Fwp%2Fv2%2Fcomments&post=72"}],"version-history":[{"count":8,"href":"https:\/\/websiteerfolg.de\/index.php?rest_route=\/wp\/v2\/pages\/72\/revisions"}],"predecessor-version":[{"id":262,"href":"https:\/\/websiteerfolg.de\/index.php?rest_route=\/wp\/v2\/pages\/72\/revisions\/262"}],"wp:attachment":[{"href":"https:\/\/websiteerfolg.de\/index.php?rest_route=%2Fwp%2Fv2%2Fmedia&parent=72"}],"curies":[{"name":"wp","href":"https:\/\/api.w.org\/{rel}","templated":true}]}}