{"id":80,"date":"2020-02-07T11:46:47","date_gmt":"2020-02-07T10:46:47","guid":{"rendered":"https:\/\/sibits-webdesign.de\/klahn-websiteerfolg\/?page_id=80"},"modified":"2020-02-27T21:14:19","modified_gmt":"2020-02-27T20:14:19","slug":"werbemittel","status":"publish","type":"page","link":"https:\/\/websiteerfolg.de\/?page_id=80","title":{"rendered":"Werbemittel"},"content":{"rendered":"<p>[et_pb_section fb_built=&#8220;1&#8243; _builder_version=&#8220;3.22&#8243;][et_pb_row _builder_version=&#8220;4.0.2&#8243; custom_margin=&#8220;-36px|auto||auto||&#8220;][et_pb_column type=&#8220;4_4&#8243; _builder_version=&#8220;4.0.2&#8243;][et_pb_text _builder_version=&#8220;4.0.2&#8243; hover_enabled=&#8220;0&#8243;]<\/p>\n<h1 class=\"entry-title\">Werbemittel<\/h1>\n<p>[\/et_pb_text][\/et_pb_column][\/et_pb_row][et_pb_row column_structure=&#8220;2_5,3_5&#8243; _builder_version=&#8220;3.25&#8243; background_size=&#8220;initial&#8220; background_position=&#8220;top_left&#8220; background_repeat=&#8220;repeat&#8220;][et_pb_column type=&#8220;2_5&#8243; _builder_version=&#8220;3.25&#8243; custom_padding=&#8220;|||&#8220; custom_padding__hover=&#8220;|||&#8220;][et_pb_image _builder_version=&#8220;4.0.2&#8243; hover_enabled=&#8220;0&#8243; src=&#8220;https:\/\/websiteerfolg.de\/wp-content\/uploads\/2020\/02\/Grafik_Leistungen_Kopie.jpg&#8220;][\/et_pb_image][\/et_pb_column][et_pb_column type=&#8220;3_5&#8243; _builder_version=&#8220;3.25&#8243; custom_padding=&#8220;|||&#8220; custom_padding__hover=&#8220;|||&#8220;][et_pb_text _builder_version=&#8220;4.0.2&#8243; hover_enabled=&#8220;0&#8243;]<\/p>\n<p>Zu einem modernen Design Ihre Website geh\u00f6rt auch ein gutes Logo.<br \/> Unsere Grafiker sind Profis mit langj\u00e4hriger Erfahrung im Bereich<\/p>\n<h3>Logo-Entwicklung und Gesch\u00e4ftsausstattung<\/h3>\n<ul>\n<li>Firmenlogo mit uneingeschr\u00e4nktem Nutzungsrecht<\/li>\n<li>Gestaltung von Gesch\u00e4ftspapieren (Briefpapier, Visitenkarten, etc.) und Flyern, Brosch\u00fcren, etc. und Organisationsmitteln (Bl\u00f6cke, Ordner, etc.)<\/li>\n<li>auf Wunsch auch Druck<\/li>\n<\/ul>\n<p>&nbsp;<\/p>\n<p>[\/et_pb_text][\/et_pb_column][\/et_pb_row][et_pb_row column_structure=&#8220;2_5,3_5&#8243; _builder_version=&#8220;3.25&#8243; background_size=&#8220;initial&#8220; background_position=&#8220;top_left&#8220; background_repeat=&#8220;repeat&#8220; custom_padding=&#8220;||3px|||&#8220;][et_pb_column type=&#8220;2_5&#8243; _builder_version=&#8220;3.25&#8243; custom_padding=&#8220;|||&#8220; custom_padding__hover=&#8220;|||&#8220;][et_pb_image _builder_version=&#8220;4.0.2&#8243; hover_enabled=&#8220;0&#8243; src=&#8220;https:\/\/websiteerfolg.de\/wp-content\/uploads\/2020\/02\/Logo_Kanzleitasche.jpg&#8220;][\/et_pb_image][\/et_pb_column][et_pb_column type=&#8220;3_5&#8243; _builder_version=&#8220;3.25&#8243; custom_padding=&#8220;|||&#8220; custom_padding__hover=&#8220;|||&#8220;][et_pb_text _builder_version=&#8220;4.0.2&#8243; hover_enabled=&#8220;0&#8243;]<\/p>\n<h3>Kleine Aufmerksamkeiten mit Ihrem Logo<\/h3>\n<p>Beim Einsatz von Werbemitteln k\u00f6nnen wir Sie rundum beraten. <strong>Spezialisiert<\/strong> sind wir in diesem Bereich auf<\/p>\n<ul>\n<li><strong>Tragetaschen<\/strong> aus Lackpapier und Kunstfaser in Stoffoptik (PP, Non-Woven). Beide Varianten sind umweltfreundlich. Beschichtete Lackpapiertragetaschen k\u00f6nnen rundum in hoher Qualit\u00e4t bedruckt werden &#8211; Kunstfasertragetaschen sind leicht und trotzdem sehr robust und h\u00e4ufig zu verwenden.<\/li>\n<li><strong>Regenschirme<\/strong> sind als Werbemittel wieder stark im kommen. Wir bieten Ihnen hochwertige Automatikschirme mit dezenter Logoanbringung.<\/li>\n<\/ul>\n<p>&nbsp;<\/p>\n<p>[\/et_pb_text][\/et_pb_column][\/et_pb_row][\/et_pb_section]<\/p>\n","protected":false},"excerpt":{"rendered":"<p>Werbemittel Zu einem modernen Design Ihre Website geh\u00f6rt auch ein gutes Logo. Unsere Grafiker sind Profis mit langj\u00e4hriger Erfahrung im Bereich Logo-Entwicklung und Gesch\u00e4ftsausstattung Firmenlogo mit uneingeschr\u00e4nktem Nutzungsrecht Gestaltung von Gesch\u00e4ftspapieren (Briefpapier, Visitenkarten, etc.) und Flyern, Brosch\u00fcren, etc. und Organisationsmitteln (Bl\u00f6cke, Ordner, etc.) auf Wunsch auch Druck &nbsp; Kleine Aufmerksamkeiten mit Ihrem Logo Beim Einsatz [&hellip;]<\/p>\n","protected":false},"author":1,"featured_media":0,"parent":0,"menu_order":0,"comment_status":"closed","ping_status":"closed","template":"","meta":{"_et_pb_use_builder":"on","_et_pb_old_content":"","_et_gb_content_width":"","footnotes":""},"class_list":["post-80","page","type-page","status-publish","hentry"],"_links":{"self":[{"href":"https:\/\/websiteerfolg.de\/index.php?rest_route=\/wp\/v2\/pages\/80","targetHints":{"allow":["GET"]}}],"collection":[{"href":"https:\/\/websiteerfolg.de\/index.php?rest_route=\/wp\/v2\/pages"}],"about":[{"href":"https:\/\/websiteerfolg.de\/index.php?rest_route=\/wp\/v2\/types\/page"}],"author":[{"embeddable":true,"href":"https:\/\/websiteerfolg.de\/index.php?rest_route=\/wp\/v2\/users\/1"}],"replies":[{"embeddable":true,"href":"https:\/\/websiteerfolg.de\/index.php?rest_route=%2Fwp%2Fv2%2Fcomments&post=80"}],"version-history":[{"count":11,"href":"https:\/\/websiteerfolg.de\/index.php?rest_route=\/wp\/v2\/pages\/80\/revisions"}],"predecessor-version":[{"id":290,"href":"https:\/\/websiteerfolg.de\/index.php?rest_route=\/wp\/v2\/pages\/80\/revisions\/290"}],"wp:attachment":[{"href":"https:\/\/websiteerfolg.de\/index.php?rest_route=%2Fwp%2Fv2%2Fmedia&parent=80"}],"curies":[{"name":"wp","href":"https:\/\/api.w.org\/{rel}","templated":true}]}}